{"id":2275,"date":"2025-03-12T03:48:13","date_gmt":"2025-03-12T03:48:13","guid":{"rendered":"https:\/\/lp.taroba.com.br\/programas-taroba\/?page_id=2275"},"modified":"2025-07-09T12:56:09","modified_gmt":"2025-07-09T12:56:09","slug":"3-futebol-solidario-taroba","status":"publish","type":"page","link":"https:\/\/lp.taroba.com.br\/programas-taroba\/index.php\/3-futebol-solidario-taroba\/","title":{"rendered":"3\u00b0 Futebol Solid\u00e1rio Tarob\u00e1"},"content":{"rendered":"\t\t<div data-elementor-type=\"wp-page\" data-elementor-id=\"2275\" class=\"elementor elementor-2275\" data-elementor-post-type=\"page\">\n\t\t\t\t<div class=\"elementor-element elementor-element-26695c48 e-flex e-con-boxed e-con e-parent\" data-id=\"26695c48\" data-element_type=\"container\" data-settings=\"{&quot;background_background&quot;:&quot;classic&quot;}\">\n\t\t\t\t\t<div class=\"e-con-inner\">\n\t\t<div class=\"elementor-element elementor-element-564bb656 e-con-full e-flex e-con e-child\" data-id=\"564bb656\" data-element_type=\"container\" data-settings=\"{&quot;background_background&quot;:&quot;classic&quot;}\">\n\t\t\t\t<div class=\"elementor-element elementor-element-0e74620 elementor-widget elementor-widget-video\" data-id=\"0e74620\" data-element_type=\"widget\" data-settings=\"{&quot;youtube_url&quot;:&quot;https:\\\/\\\/www.youtube.com\\\/watch?v=KlxCcBChA8Q&quot;,&quot;video_type&quot;:&quot;youtube&quot;,&quot;controls&quot;:&quot;yes&quot;}\" data-widget_type=\"video.default\">\n\t\t\t\t<div class=\"elementor-widget-container\">\n\t\t\t\t\t\t\t<div class=\"elementor-wrapper elementor-open-inline\">\n\t\t\t<div class=\"elementor-video\"><\/div>\t\t<\/div>\n\t\t\t\t\t\t<\/div>\n\t\t\t\t<\/div>\n\t\t\t\t<\/div>\n\t\t<div class=\"elementor-element elementor-element-5613fee9 e-con-full e-flex e-con e-child\" data-id=\"5613fee9\" data-element_type=\"container\" data-settings=\"{&quot;background_background&quot;:&quot;classic&quot;}\">\n\t\t\t\t<div class=\"elementor-element elementor-element-77dc0321 elementor-widget elementor-widget-heading\" data-id=\"77dc0321\" data-element_type=\"widget\" data-widget_type=\"heading.default\">\n\t\t\t\t<div class=\"elementor-widget-container\">\n\t\t\t\t\t<h2 class=\"elementor-heading-title elementor-size-default\">3\u00b0 Futebol Solid\u00e1rio Tarob\u00e1<\/h2>\t\t\t\t<\/div>\n\t\t\t\t<\/div>\n\t\t<div class=\"elementor-element elementor-element-58cf0cbc e-con-full e-flex e-con e-child\" data-id=\"58cf0cbc\" data-element_type=\"container\">\n\t\t\t\t<div class=\"elementor-element elementor-element-de809d5 elementor-icon-list--layout-inline elementor-mobile-align-center elementor-list-item-link-full_width elementor-widget elementor-widget-icon-list\" data-id=\"de809d5\" data-element_type=\"widget\" data-widget_type=\"icon-list.default\">\n\t\t\t\t<div class=\"elementor-widget-container\">\n\t\t\t\t\t\t\t<ul class=\"elementor-icon-list-items elementor-inline-items\">\n\t\t\t\t\t\t\t<li class=\"elementor-icon-list-item elementor-inline-item\">\n\t\t\t\t\t\t\t\t\t\t\t<span class=\"elementor-icon-list-icon\">\n\t\t\t\t\t\t\t<svg aria-hidden=\"true\" class=\"e-font-icon-svg e-far-calendar-alt\" viewBox=\"0 0 448 512\" xmlns=\"http:\/\/www.w3.org\/2000\/svg\"><path d=\"M148 288h-40c-6.6 0-12-5.4-12-12v-40c0-6.6 5.4-12 12-12h40c6.6 0 12 5.4 12 12v40c0 6.6-5.4 12-12 12zm108-12v-40c0-6.6-5.4-12-12-12h-40c-6.6 0-12 5.4-12 12v40c0 6.6 5.4 12 12 12h40c6.6 0 12-5.4 12-12zm96 0v-40c0-6.6-5.4-12-12-12h-40c-6.6 0-12 5.4-12 12v40c0 6.6 5.4 12 12 12h40c6.6 0 12-5.4 12-12zm-96 96v-40c0-6.6-5.4-12-12-12h-40c-6.6 0-12 5.4-12 12v40c0 6.6 5.4 12 12 12h40c6.6 0 12-5.4 12-12zm-96 0v-40c0-6.6-5.4-12-12-12h-40c-6.6 0-12 5.4-12 12v40c0 6.6 5.4 12 12 12h40c6.6 0 12-5.4 12-12zm192 0v-40c0-6.6-5.4-12-12-12h-40c-6.6 0-12 5.4-12 12v40c0 6.6 5.4 12 12 12h40c6.6 0 12-5.4 12-12zm96-260v352c0 26.5-21.5 48-48 48H48c-26.5 0-48-21.5-48-48V112c0-26.5 21.5-48 48-48h48V12c0-6.6 5.4-12 12-12h40c6.6 0 12 5.4 12 12v52h128V12c0-6.6 5.4-12 12-12h40c6.6 0 12 5.4 12 12v52h48c26.5 0 48 21.5 48 48zm-48 346V160H48v298c0 3.3 2.7 6 6 6h340c3.3 0 6-2.7 6-6z\"><\/path><\/svg>\t\t\t\t\t\t<\/span>\n\t\t\t\t\t\t\t\t\t\t<span class=\"elementor-icon-list-text\">Vem A\u00ed<\/span>\n\t\t\t\t\t\t\t\t\t<\/li>\n\t\t\t\t\t\t\t\t<li class=\"elementor-icon-list-item elementor-inline-item\">\n\t\t\t\t\t\t\t\t\t\t\t<span class=\"elementor-icon-list-icon\">\n\t\t\t\t\t\t\t<svg aria-hidden=\"true\" class=\"e-font-icon-svg e-fas-map-marker-alt\" viewBox=\"0 0 384 512\" xmlns=\"http:\/\/www.w3.org\/2000\/svg\"><path d=\"M172.268 501.67C26.97 291.031 0 269.413 0 192 0 85.961 85.961 0 192 0s192 85.961 192 192c0 77.413-26.97 99.031-172.268 309.67-9.535 13.774-29.93 13.773-39.464 0zM192 272c44.183 0 80-35.817 80-80s-35.817-80-80-80-80 35.817-80 80 35.817 80 80 80z\"><\/path><\/svg>\t\t\t\t\t\t<\/span>\n\t\t\t\t\t\t\t\t\t\t<span class=\"elementor-icon-list-text\">Londrina<\/span>\n\t\t\t\t\t\t\t\t\t<\/li>\n\t\t\t\t\t\t<\/ul>\n\t\t\t\t\t\t<\/div>\n\t\t\t\t<\/div>\n\t\t\t\t<\/div>\n\t\t\t\t<\/div>\n\t\t\t\t\t<\/div>\n\t\t\t\t<\/div>\n\t\t<div class=\"elementor-element elementor-element-338fe16a e-flex e-con-boxed e-con e-parent\" data-id=\"338fe16a\" data-element_type=\"container\">\n\t\t\t\t\t<div class=\"e-con-inner\">\n\t\t<div class=\"elementor-element elementor-element-3ff8b719 e-con-full e-flex e-con e-child\" data-id=\"3ff8b719\" data-element_type=\"container\" data-settings=\"{&quot;background_background&quot;:&quot;classic&quot;}\">\n\t\t\t\t<div class=\"elementor-element elementor-element-4a294ae1 elementor-widget elementor-widget-heading\" data-id=\"4a294ae1\" data-element_type=\"widget\" data-widget_type=\"heading.default\">\n\t\t\t\t<div class=\"elementor-widget-container\">\n\t\t\t\t\t<h2 class=\"elementor-heading-title elementor-size-default\">OBJETIVO<\/h2>\t\t\t\t<\/div>\n\t\t\t\t<\/div>\n\t\t\t\t<div class=\"elementor-element elementor-element-f61e49b elementor-widget elementor-widget-text-editor\" data-id=\"f61e49b\" data-element_type=\"widget\" data-widget_type=\"text-editor.default\">\n\t\t\t\t<div class=\"elementor-widget-container\">\n\t\t\t\t\t\t\t\t\t<p>Promover integra\u00e7\u00e3o social por meio do esporte, incentivando a solidariedade e a arrecada\u00e7\u00e3o de donativos para comunidades em vulnerabilidade.<\/p>\t\t\t\t\t\t\t\t<\/div>\n\t\t\t\t<\/div>\n\t\t<div class=\"elementor-element elementor-element-a3f204c e-con-full e-flex e-con e-child\" data-id=\"a3f204c\" data-element_type=\"container\" data-settings=\"{&quot;background_background&quot;:&quot;classic&quot;}\">\n\t\t\t\t<div class=\"elementor-element elementor-element-fbeb72b elementor-widget elementor-widget-heading\" data-id=\"fbeb72b\" data-element_type=\"widget\" data-widget_type=\"heading.default\">\n\t\t\t\t<div class=\"elementor-widget-container\">\n\t\t\t\t\t<h2 class=\"elementor-heading-title elementor-size-default\">A\u00c7\u00d5ES TAROB\u00c1<\/h2>\t\t\t\t<\/div>\n\t\t\t\t<\/div>\n\t\t<div class=\"elementor-element elementor-element-ec7b096 e-con-full e-flex e-con e-child\" data-id=\"ec7b096\" data-element_type=\"container\">\n\t\t<div class=\"elementor-element elementor-element-a1bd196 e-con-full e-flex e-con e-child\" data-id=\"a1bd196\" data-element_type=\"container\">\n\t\t\t\t<div class=\"elementor-element elementor-element-720a1c7 elementor-widget elementor-widget-heading\" data-id=\"720a1c7\" data-element_type=\"widget\" data-widget_type=\"heading.default\">\n\t\t\t\t<div class=\"elementor-widget-container\">\n\t\t\t\t\t<h2 class=\"elementor-heading-title elementor-size-default\">Promo\u00e7\u00e3o e Sorteios<\/h2>\t\t\t\t<\/div>\n\t\t\t\t<\/div>\n\t\t\t\t<div class=\"elementor-element elementor-element-6db1784 elementor-widget elementor-widget-text-editor\" data-id=\"6db1784\" data-element_type=\"widget\" data-widget_type=\"text-editor.default\">\n\t\t\t\t<div class=\"elementor-widget-container\">\n\t\t\t\t\t\t\t\t\t<p><span style=\"color: #333333;\"><strong>Ingressos:<\/strong><\/span> Distribui\u00e7\u00e3o de 300 ingressos atrav\u00e9s de sorteios realizados na programa\u00e7\u00e3o da r\u00e1dio, TV, portal e redes sociais da Tarob\u00e1.<\/p><p><span style=\"color: #333333;\"><strong>Sorteio Especial:<\/strong><\/span> Durante o intervalo do jogo, 3 ouvintes ser\u00e3o selecionados para bater p\u00eanaltis. Quem fizer mais gols ganha pr\u00eamios exclusivos da Tarob\u00e1 e tira foto com a cantora Ana Castela.<\/p>\t\t\t\t\t\t\t\t<\/div>\n\t\t\t\t<\/div>\n\t\t\t\t<\/div>\n\t\t<div class=\"elementor-element elementor-element-606295b e-con-full e-flex e-con e-child\" data-id=\"606295b\" data-element_type=\"container\">\n\t\t\t\t<div class=\"elementor-element elementor-element-2724cc3 elementor-widget elementor-widget-heading\" data-id=\"2724cc3\" data-element_type=\"widget\" data-widget_type=\"heading.default\">\n\t\t\t\t<div class=\"elementor-widget-container\">\n\t\t\t\t\t<h2 class=\"elementor-heading-title elementor-size-default\">Experi\u00eancia no Est\u00e1dio<\/h2>\t\t\t\t<\/div>\n\t\t\t\t<\/div>\n\t\t\t\t<div class=\"elementor-element elementor-element-30c7831 elementor-widget elementor-widget-text-editor\" data-id=\"30c7831\" data-element_type=\"widget\" data-widget_type=\"text-editor.default\">\n\t\t\t\t<div class=\"elementor-widget-container\">\n\t\t\t\t\t\t\t\t\t<p><span style=\"color: #333333;\"><strong>Distribui\u00e7\u00e3o de Materiais Promocionais:<\/strong><\/span> Adesivos ou bottons da Tarob\u00e1 entregues na entrada do est\u00e1dio.<\/p><p><span style=\"color: #333333;\"><strong>Brindes Exclusivos:<\/strong><\/span> Artistas participantes receber\u00e3o brindes especiais da emissora.<\/p><p><span style=\"color: #333333;\"><strong>Bal\u00f5es Infl\u00e1veis e Wind Banners:<\/strong><\/span> Materiais promocionais posicionados estrategicamente no est\u00e1dio para fortalecer a presen\u00e7a da marca.<\/p>\t\t\t\t\t\t\t\t<\/div>\n\t\t\t\t<\/div>\n\t\t\t\t<\/div>\n\t\t<div class=\"elementor-element elementor-element-542a6b2 e-con-full e-flex e-con e-child\" data-id=\"542a6b2\" data-element_type=\"container\">\n\t\t\t\t<div class=\"elementor-element elementor-element-d13e968 elementor-widget elementor-widget-heading\" data-id=\"d13e968\" data-element_type=\"widget\" data-widget_type=\"heading.default\">\n\t\t\t\t<div class=\"elementor-widget-container\">\n\t\t\t\t\t<h2 class=\"elementor-heading-title elementor-size-default\">Interatividade com o P\u00fablico<\/h2>\t\t\t\t<\/div>\n\t\t\t\t<\/div>\n\t\t\t\t<div class=\"elementor-element elementor-element-e28828a elementor-widget elementor-widget-text-editor\" data-id=\"e28828a\" data-element_type=\"widget\" data-widget_type=\"text-editor.default\">\n\t\t\t\t<div class=\"elementor-widget-container\">\n\t\t\t\t\t\t\t\t\t<p><span style=\"color: #333333;\"><strong>Equipe da Emissora na Entrada:<\/strong><\/span> Carros da Tarob\u00e1 posicionados na entrada do est\u00e1dio, com locutor e rep\u00f3rter interagindo ao vivo com os torcedores e redes sociais.<\/p><p><span style=\"color: #333333;\"><strong>Cobertura nos Bastidores:<\/strong><\/span> Rep\u00f3rter da r\u00e1dio e TV cobrindo os bastidores com jogadores e artistas, garantindo intera\u00e7\u00e3o e conte\u00fado exclusivo.<\/p>\t\t\t\t\t\t\t\t<\/div>\n\t\t\t\t<\/div>\n\t\t\t\t<\/div>\n\t\t\t\t<\/div>\n\t\t<div class=\"elementor-element elementor-element-b40e471 e-con-full e-flex e-con e-child\" data-id=\"b40e471\" data-element_type=\"container\">\n\t\t<div class=\"elementor-element elementor-element-823dc28 e-con-full e-flex e-con e-child\" data-id=\"823dc28\" data-element_type=\"container\">\n\t\t\t\t<div class=\"elementor-element elementor-element-dbc2ebd elementor-widget elementor-widget-heading\" data-id=\"dbc2ebd\" data-element_type=\"widget\" data-widget_type=\"heading.default\">\n\t\t\t\t<div class=\"elementor-widget-container\">\n\t\t\t\t\t<h2 class=\"elementor-heading-title elementor-size-default\">Transmiss\u00e3o e Engajamento Digital<\/h2>\t\t\t\t<\/div>\n\t\t\t\t<\/div>\n\t\t\t\t<div class=\"elementor-element elementor-element-23a512f elementor-widget elementor-widget-text-editor\" data-id=\"23a512f\" data-element_type=\"widget\" data-widget_type=\"text-editor.default\">\n\t\t\t\t<div class=\"elementor-widget-container\">\n\t\t\t\t\t\t\t\t\t<p><span style=\"color: #333333;\"><strong>Transmiss\u00e3o ao Vivo:<\/strong><\/span> O jogo ser\u00e1 transmitido no Instagram, Facebook, YouTube e Portal da Tarob\u00e1.<\/p><p><span style=\"color: #333333;\"><strong>Cabine de Transmiss\u00e3o:<\/strong><\/span> Estrutura montada no est\u00e1dio para acompanhar e narrar o evento.<\/p><p><span style=\"color: #333333;\"><strong>Influenciadores da Agro Play:<\/strong><\/span> Participa\u00e7\u00e3o em colabora\u00e7\u00f5es na r\u00e1dio, TV e portal para divulgar o evento.<\/p>\t\t\t\t\t\t\t\t<\/div>\n\t\t\t\t<\/div>\n\t\t\t\t<\/div>\n\t\t<div class=\"elementor-element elementor-element-dc04004 e-con-full e-flex e-con e-child\" data-id=\"dc04004\" data-element_type=\"container\">\n\t\t\t\t<div class=\"elementor-element elementor-element-33eea99 elementor-widget elementor-widget-heading\" data-id=\"33eea99\" data-element_type=\"widget\" data-widget_type=\"heading.default\">\n\t\t\t\t<div class=\"elementor-widget-container\">\n\t\t\t\t\t<h2 class=\"elementor-heading-title elementor-size-default\">Presen\u00e7as Especiais\n<\/h2>\t\t\t\t<\/div>\n\t\t\t\t<\/div>\n\t\t\t\t<div class=\"elementor-element elementor-element-94f200f elementor-widget elementor-widget-text-editor\" data-id=\"94f200f\" data-element_type=\"widget\" data-widget_type=\"text-editor.default\">\n\t\t\t\t<div class=\"elementor-widget-container\">\n\t\t\t\t\t\t\t\t\t<p><span style=\"color: #333333;\"><strong>Apresentadores da Tarob\u00e1:<\/strong><\/span> Cada vez um apresentador ou locutor diferente da Tarob\u00e1<\/p><p><span style=\"color: #333333;\"><strong>Influenciadores e Artistas:<\/strong><\/span> Presen\u00e7a de personalidades regionais e nacionais, aumentando a visibilidade do evento<\/p>\t\t\t\t\t\t\t\t<\/div>\n\t\t\t\t<\/div>\n\t\t\t\t<\/div>\n\t\t<div class=\"elementor-element elementor-element-792191b e-con-full e-flex e-con e-child\" data-id=\"792191b\" data-element_type=\"container\">\n\t\t\t\t<div class=\"elementor-element elementor-element-45c24f5 elementor-widget elementor-widget-heading\" data-id=\"45c24f5\" data-element_type=\"widget\" data-widget_type=\"heading.default\">\n\t\t\t\t<div class=\"elementor-widget-container\">\n\t\t\t\t\t<h2 class=\"elementor-heading-title elementor-size-default\">Identidade Visual<\/h2>\t\t\t\t<\/div>\n\t\t\t\t<\/div>\n\t\t\t\t<div class=\"elementor-element elementor-element-dc8c69c elementor-widget elementor-widget-text-editor\" data-id=\"dc8c69c\" data-element_type=\"widget\" data-widget_type=\"text-editor.default\">\n\t\t\t\t<div class=\"elementor-widget-container\">\n\t\t\t\t\t\t\t\t\t<p><span style=\"color: #333333;\"><strong>Marca Tarob\u00e1:<\/strong><\/span> A logo estar\u00e1 presente em todas as m\u00eddias relacionadas ao evento, refor\u00e7ando a identidade da emissora.<\/p><p><span style=\"color: #333333;\"><strong>Credenciais:<\/strong><\/span> Disponibiliza\u00e7\u00e3o de 20 credenciais de acesso livre para parceiros e colaboradores.<\/p>\t\t\t\t\t\t\t\t<\/div>\n\t\t\t\t<\/div>\n\t\t\t\t<\/div>\n\t\t\t\t<\/div>\n\t\t\t\t<\/div>\n\t\t<div class=\"elementor-element elementor-element-2992c6b e-con-full e-flex e-con e-child\" data-id=\"2992c6b\" data-element_type=\"container\" data-settings=\"{&quot;background_background&quot;:&quot;classic&quot;}\">\n\t\t\t\t<div class=\"elementor-element elementor-element-a5041b8 elementor-widget elementor-widget-heading\" data-id=\"a5041b8\" data-element_type=\"widget\" data-widget_type=\"heading.default\">\n\t\t\t\t<div class=\"elementor-widget-container\">\n\t\t\t\t\t<h2 class=\"elementor-heading-title elementor-size-default\">CONTRA\nPARTIDA\nTAROB\u00c1<\/h2>\t\t\t\t<\/div>\n\t\t\t\t<\/div>\n\t\t\t\t<div class=\"elementor-element elementor-element-f65c628 elementor-widget elementor-widget-text-editor\" data-id=\"f65c628\" data-element_type=\"widget\" data-widget_type=\"text-editor.default\">\n\t\t\t\t<div class=\"elementor-widget-container\">\n\t\t\t\t\t\t\t\t\t<p>Divulga\u00e7\u00e3o do evento em todos os nossos canais em todos os dias de a\u00e7\u00e3o at\u00e9 o dia do evento.<\/p><p>Inclus\u00e3o de breaks em nossos intervalos livres com a logo da Tarob\u00e1 como apoio no v\u00eddeo institucional do evento.<\/p><p>Incluir a logo da Tarob\u00e1 em todas as poss\u00edveis chamadas do evento.<\/p>\t\t\t\t\t\t\t\t<\/div>\n\t\t\t\t<\/div>\n\t\t\t\t<\/div>\n\t\t\t\t<\/div>\n\t\t<div class=\"elementor-element elementor-element-507e56d e-con-full e-flex elementor-invisible e-con e-child\" data-id=\"507e56d\" data-element_type=\"container\" data-settings=\"{&quot;background_background&quot;:&quot;classic&quot;,&quot;animation&quot;:&quot;fadeIn&quot;,&quot;animation_delay&quot;:300}\">\n\t\t\t\t<div class=\"elementor-element elementor-element-58c33bd elementor-widget elementor-widget-heading\" data-id=\"58c33bd\" data-element_type=\"widget\" data-widget_type=\"heading.default\">\n\t\t\t\t<div class=\"elementor-widget-container\">\n\t\t\t\t\t<h2 class=\"elementor-heading-title elementor-size-default\">ENTRE EM CONTATO E SAIBA MAIS<a style=\"color:#F20C46\"><\/a><\/h2>\t\t\t\t<\/div>\n\t\t\t\t<\/div>\n\t\t<div class=\"elementor-element elementor-element-e871e5c e-con-full e-flex e-con e-child\" data-id=\"e871e5c\" data-element_type=\"container\">\n\t\t<div class=\"elementor-element elementor-element-8ba04c7 e-con-full e-flex e-con e-child\" data-id=\"8ba04c7\" data-element_type=\"container\">\n\t\t<div class=\"elementor-element elementor-element-6a88881 e-con-full e-flex e-con e-child\" data-id=\"6a88881\" data-element_type=\"container\" data-settings=\"{&quot;background_background&quot;:&quot;classic&quot;}\">\n\t\t\t\t<div class=\"elementor-element elementor-element-8615350 elementor-widget elementor-widget-button\" data-id=\"8615350\" data-element_type=\"widget\" data-widget_type=\"button.default\">\n\t\t\t\t<div class=\"elementor-widget-container\">\n\t\t\t\t\t\t\t\t\t<div class=\"elementor-button-wrapper\">\n\t\t\t\t\t<a class=\"elementor-button elementor-button-link elementor-size-sm elementor-animation-grow\" href=\"https:\/\/wa.me\/5543996717878?text=Ol%C3%A1%2C%20gostaria%20de%20mais%20informa%C3%A7%C3%B5es%20sobre%20os%20programas%20Tarob%C3%A1.\" target=\"_blank\">\n\t\t\t\t\t\t<span class=\"elementor-button-content-wrapper\">\n\t\t\t\t\t\t<span class=\"elementor-button-icon\">\n\t\t\t\t<svg aria-hidden=\"true\" class=\"e-font-icon-svg e-fab-whatsapp\" viewBox=\"0 0 448 512\" xmlns=\"http:\/\/www.w3.org\/2000\/svg\"><path d=\"M380.9 97.1C339 55.1 283.2 32 223.9 32c-122.4 0-222 99.6-222 222 0 39.1 10.2 77.3 29.6 111L0 480l117.7-30.9c32.4 17.7 68.9 27 106.1 27h.1c122.3 0 224.1-99.6 224.1-222 0-59.3-25.2-115-67.1-157zm-157 341.6c-33.2 0-65.7-8.9-94-25.7l-6.7-4-69.8 18.3L72 359.2l-4.4-7c-18.5-29.4-28.2-63.3-28.2-98.2 0-101.7 82.8-184.5 184.6-184.5 49.3 0 95.6 19.2 130.4 54.1 34.8 34.9 56.2 81.2 56.1 130.5 0 101.8-84.9 184.6-186.6 184.6zm101.2-138.2c-5.5-2.8-32.8-16.2-37.9-18-5.1-1.9-8.8-2.8-12.5 2.8-3.7 5.6-14.3 18-17.6 21.8-3.2 3.7-6.5 4.2-12 1.4-32.6-16.3-54-29.1-75.5-66-5.7-9.8 5.7-9.1 16.3-30.3 1.8-3.7.9-6.9-.5-9.7-1.4-2.8-12.5-30.1-17.1-41.2-4.5-10.8-9.1-9.3-12.5-9.5-3.2-.2-6.9-.2-10.6-.2-3.7 0-9.7 1.4-14.8 6.9-5.1 5.6-19.4 19-19.4 46.3 0 27.3 19.9 53.7 22.6 57.4 2.8 3.7 39.1 59.7 94.8 83.8 35.2 15.2 49 16.5 66.6 13.9 10.7-1.6 32.8-13.4 37.4-26.4 4.6-13 4.6-24.1 3.2-26.4-1.3-2.5-5-3.9-10.5-6.6z\"><\/path><\/svg>\t\t\t<\/span>\n\t\t\t\t\t\t\t\t\t<span class=\"elementor-button-text\">Londrina<\/span>\n\t\t\t\t\t<\/span>\n\t\t\t\t\t<\/a>\n\t\t\t\t<\/div>\n\t\t\t\t\t\t\t\t<\/div>\n\t\t\t\t<\/div>\n\t\t\t\t<\/div>\n\t\t\t\t<\/div>\n\t\t\t\t<\/div>\n\t\t\t\t<\/div>\n\t\t\t\t\t<\/div>\n\t\t\t\t<\/div>\n\t\t\t\t<\/div>\n\t\t","protected":false},"excerpt":{"rendered":"<p>3\u00b0 Futebol Solid\u00e1rio Tarob\u00e1 Vem A\u00ed Londrina OBJETIVO Promover integra\u00e7\u00e3o social por meio do esporte, incentivando a solidariedade e a arrecada\u00e7\u00e3o de donativos para comunidades em vulnerabilidade. A\u00c7\u00d5ES TAROB\u00c1 Promo\u00e7\u00e3o e Sorteios Ingressos: Distribui\u00e7\u00e3o de 300 ingressos atrav\u00e9s de sorteios realizados na programa\u00e7\u00e3o da r\u00e1dio, TV, portal e redes sociais da Tarob\u00e1. Sorteio Especial: Durante [&hellip;]<\/p>\n","protected":false},"author":1,"featured_media":0,"parent":0,"menu_order":0,"comment_status":"closed","ping_status":"closed","template":"","meta":{"footnotes":""},"class_list":["post-2275","page","type-page","status-publish","hentry"],"_links":{"self":[{"href":"https:\/\/lp.taroba.com.br\/programas-taroba\/index.php\/wp-json\/wp\/v2\/pages\/2275","targetHints":{"allow":["GET"]}}],"collection":[{"href":"https:\/\/lp.taroba.com.br\/programas-taroba\/index.php\/wp-json\/wp\/v2\/pages"}],"about":[{"href":"https:\/\/lp.taroba.com.br\/programas-taroba\/index.php\/wp-json\/wp\/v2\/types\/page"}],"author":[{"embeddable":true,"href":"https:\/\/lp.taroba.com.br\/programas-taroba\/index.php\/wp-json\/wp\/v2\/users\/1"}],"replies":[{"embeddable":true,"href":"https:\/\/lp.taroba.com.br\/programas-taroba\/index.php\/wp-json\/wp\/v2\/comments?post=2275"}],"version-history":[{"count":17,"href":"https:\/\/lp.taroba.com.br\/programas-taroba\/index.php\/wp-json\/wp\/v2\/pages\/2275\/revisions"}],"predecessor-version":[{"id":5761,"href":"https:\/\/lp.taroba.com.br\/programas-taroba\/index.php\/wp-json\/wp\/v2\/pages\/2275\/revisions\/5761"}],"wp:attachment":[{"href":"https:\/\/lp.taroba.com.br\/programas-taroba\/index.php\/wp-json\/wp\/v2\/media?parent=2275"}],"curies":[{"name":"wp","href":"https:\/\/api.w.org\/{rel}","templated":true}]}}